{"id":15,"date":"2024-03-29T01:17:36","date_gmt":"2024-03-29T00:17:36","guid":{"rendered":"https:\/\/ataufix.fr\/?page_id=15"},"modified":"2024-07-01T15:52:04","modified_gmt":"2024-07-01T13:52:04","slug":"notre-offre","status":"publish","type":"page","link":"https:\/\/ataufix.fr\/index.php\/notre-offre\/","title":{"rendered":"Notre offre"},"content":{"rendered":"<section class=\"bde-section-15-198 bde-section\">\n  \n  \n\t\n\n\n\n<div class=\"section-container\"><div class=\"bde-div-15-199 bde-div\">\n  \n  \n\t\n\n\n\n<div class=\"bde-div-15-200 bde-div\" data-entrance=\"fade\">\n  \n  \n\t\n\n\n\n<h2 class=\"bde-heading-15-201 bde-heading\">\nNotre offre\n<\/h2><div class=\"bde-text-15-202 bde-text\">\nFrais fixes, expertise locale et accompagnement d\u00e9di\u00e9 pour assurer votre projet immobilier.\n<\/div>\n<\/div>\n<\/div><\/div>\n<\/section><section class=\"bde-section-15-100 bde-section\">\n  \n  \n\t\n\n\n\n<div class=\"section-container\"><div class=\"bde-columns-15-101 bde-columns\"><div class=\"bde-column-15-108 bde-column\">\n  \n  \n\t\n\n\n\n<div class=\"bde-image-15-109 bde-image\" data-entrance=\"fade\">\n<figure class=\"breakdance-image breakdance-image--332\">\n\t<div class=\"breakdance-image-container\">\n\t\t<div class=\"breakdance-image-clip\"><img loading=\"lazy\" decoding=\"async\" class=\"breakdance-image-object\" src=\"https:\/\/ataufix.fr\/wp-content\/uploads\/2024\/04\/faruk-tokluoglu-qmoAL6pLEwc-unsplash-scaled.jpg\" width=\"1707\" height=\"2560\" srcset=\"https:\/\/ataufix.fr\/wp-content\/uploads\/2024\/04\/faruk-tokluoglu-qmoAL6pLEwc-unsplash-scaled.jpg 1707w, https:\/\/ataufix.fr\/wp-content\/uploads\/2024\/04\/faruk-tokluoglu-qmoAL6pLEwc-unsplash-200x300.jpg 200w, https:\/\/ataufix.fr\/wp-content\/uploads\/2024\/04\/faruk-tokluoglu-qmoAL6pLEwc-unsplash-683x1024.jpg 683w, https:\/\/ataufix.fr\/wp-content\/uploads\/2024\/04\/faruk-tokluoglu-qmoAL6pLEwc-unsplash-768x1152.jpg 768w, https:\/\/ataufix.fr\/wp-content\/uploads\/2024\/04\/faruk-tokluoglu-qmoAL6pLEwc-unsplash-1024x1536.jpg 1024w, https:\/\/ataufix.fr\/wp-content\/uploads\/2024\/04\/faruk-tokluoglu-qmoAL6pLEwc-unsplash-1365x2048.jpg 1365w\" sizes=\"(max-width: 1707px) 100vw, 1707px\"><\/div>\n\t<\/div><\/figure>\n\n<\/div>\n<\/div><div class=\"bde-column-15-102 bde-column\">\n  \n  \n\t\n\n\n\n<div class=\"bde-div-15-103 bde-div\" data-entrance=\"fade\">\n  \n  \n\t\n\n\n\n<h3 class=\"bde-heading-15-105 bde-heading\">\nL'agence immobili\u00e8re qui change tout !\n<\/h3><div class=\"bde-text-15-106 bde-text\">\nNous r\u00e9inventons la vente immobili\u00e8re avec un processus transparent, fixe et sans surprise, visant \u00e0 simplifier chaque transaction pour une clart\u00e9 et honn\u00eatet\u00e9 absolues.\n<\/div><div class=\"bde-button-15-107 bde-button\" data-entrance=\"fade\">\n    \n                                    \n    \n    \n    \n    \n            \n                    \n            \n            \n\n    \n    \n    \n    \n    \n    <a class=\"breakdance-link button-atom button-atom--primary bde-button__button\" href=\"https:\/\/ataufix.fr\/index.php\/contact\/\" target=\"_self\" data-type=\"url\"  >\n\n    \n        <span class=\"button-atom__text\">Contact<\/span>\n\n        \n        \n                <\/a>\n\n    \n\n\n<\/div>\n<\/div>\n<\/div><\/div><\/div>\n<\/section><section class=\"bde-section-15-130 bde-section\">\n  \n  \n\t\n\n\n\n<div class=\"section-container\"><div class=\"bde-columns-15-131 bde-columns\" data-entrance=\"fade\"><div class=\"bde-column-15-132 bde-column\">\n  \n  \n\t\n\n\n\n<h2 class=\"bde-heading-15-133 bde-heading\">\nUne \u00e9quipe de passionn\u00e9s\n<\/h2>\n<\/div><div class=\"bde-column-15-134 bde-column\">\n  \n  \n\t\n\n\n\n<div class=\"bde-text-15-135 bde-text\">\nNos experts locaux sont vos alli\u00e9s, en offrant une connaissance approfondie du march\u00e9 immobilier de metz et paris pour maximiser votre r\u00e9ussite.\n<\/div>\n<\/div><\/div><div class=\"bde-div-15-136 bde-div\">\n  \n  \n\t\n\n\n\n<div class=\"bde-image-15-137 bde-image\" data-entrance=\"fade\">\n<figure class=\"breakdance-image breakdance-image--291\">\n\t<div class=\"breakdance-image-container\">\n\t\t<div class=\"breakdance-image-clip\"><img loading=\"lazy\" decoding=\"async\" class=\"breakdance-image-object\" src=\"https:\/\/ataufix.fr\/wp-content\/uploads\/2024\/04\/faruk-tokluoglu-ZHLR0xRMmgo-unsplash.jpg\" width=\"2500\" height=\"1667\" srcset=\"https:\/\/ataufix.fr\/wp-content\/uploads\/2024\/04\/faruk-tokluoglu-ZHLR0xRMmgo-unsplash.jpg 2500w, https:\/\/ataufix.fr\/wp-content\/uploads\/2024\/04\/faruk-tokluoglu-ZHLR0xRMmgo-unsplash-300x200.jpg 300w, https:\/\/ataufix.fr\/wp-content\/uploads\/2024\/04\/faruk-tokluoglu-ZHLR0xRMmgo-unsplash-1024x683.jpg 1024w, https:\/\/ataufix.fr\/wp-content\/uploads\/2024\/04\/faruk-tokluoglu-ZHLR0xRMmgo-unsplash-768x512.jpg 768w, https:\/\/ataufix.fr\/wp-content\/uploads\/2024\/04\/faruk-tokluoglu-ZHLR0xRMmgo-unsplash-1536x1024.jpg 1536w, https:\/\/ataufix.fr\/wp-content\/uploads\/2024\/04\/faruk-tokluoglu-ZHLR0xRMmgo-unsplash-2048x1366.jpg 2048w\" sizes=\"(max-width: 2500px) 100vw, 2500px\"><\/div>\n\t<\/div><\/figure>\n\n<\/div>\n<\/div><\/div>\n<\/section><section class=\"bde-section-15-148 bde-section\">\n  \n  \n\t\n\n\n\n<div class=\"section-container\"><div class=\"bde-div-15-149 bde-div\">\n  \n  \n\t\n\n\n\n<div class=\"bde-div-15-150 bde-div\" data-entrance=\"fade\">\n  \n  \n\t\n\n\n\n<h2 class=\"bde-heading-15-151 bde-heading\">\nAccompagnement \u00e9tape par \u00e9tape\n<\/h2><div class=\"bde-text-15-152 bde-text\">\nWe believe that architecture is not just about creating beautiful spaces, but\u00a0about designing functional and\u00a0sustainable environments.\n<\/div>\n<\/div>\n<\/div><div class=\"bde-grid-15-154 bde-grid\">\n  \n  \n\t\n\n\n\n<div class=\"bde-div-15-155 bde-div divtest\">\n  \n  \n\t\n\n\n\n<div class=\"bde-image-15-193 bde-image\">\n<figure class=\"breakdance-image breakdance-image--273\">\n\t<div class=\"breakdance-image-container\">\n\t\t<div class=\"breakdance-image-clip\"><img loading=\"lazy\" decoding=\"async\" class=\"breakdance-image-object\" src=\"https:\/\/ataufix.fr\/wp-content\/uploads\/2024\/04\/Fichier-8@5x.png\" width=\"307\" height=\"304\" srcset=\"https:\/\/ataufix.fr\/wp-content\/uploads\/2024\/04\/Fichier-8@5x.png 307w, https:\/\/ataufix.fr\/wp-content\/uploads\/2024\/04\/Fichier-8@5x-300x297.png 300w, https:\/\/ataufix.fr\/wp-content\/uploads\/2024\/04\/Fichier-8@5x-150x150.png 150w\" sizes=\"(max-width: 307px) 100vw, 307px\"><\/div>\n\t<\/div><\/figure>\n\n<\/div><h1 class=\"bde-heading-15-159 bde-heading\">\nEstimation professionnelle\n<\/h1><div class=\"bde-text-15-160 bde-text\">\nEvaluation de vos besoins et d\u00e9finition du juste prix pour votre bien.\n<\/div>\n<\/div><div class=\"bde-div-15-179 bde-div divtest\">\n  \n  \n\t\n\n\n\n<div class=\"bde-image-15-194 bde-image\">\n<figure class=\"breakdance-image breakdance-image--272\">\n\t<div class=\"breakdance-image-container\">\n\t\t<div class=\"breakdance-image-clip\"><img loading=\"lazy\" decoding=\"async\" class=\"breakdance-image-object\" src=\"https:\/\/ataufix.fr\/wp-content\/uploads\/2024\/04\/Fichier-7@5x.png\" width=\"306\" height=\"304\" srcset=\"https:\/\/ataufix.fr\/wp-content\/uploads\/2024\/04\/Fichier-7@5x.png 306w, https:\/\/ataufix.fr\/wp-content\/uploads\/2024\/04\/Fichier-7@5x-300x298.png 300w, https:\/\/ataufix.fr\/wp-content\/uploads\/2024\/04\/Fichier-7@5x-150x150.png 150w\" sizes=\"(max-width: 306px) 100vw, 306px\"><\/div>\n\t<\/div><\/figure>\n\n<\/div><h1 class=\"bde-heading-15-197 bde-heading\">\nPromotion sur mesure\n<\/h1><div class=\"bde-text-15-182 bde-text\">\nStrat\u00e9gies marketing cibl\u00e9es pour attirer les acheteurs.\n<\/div>\n<\/div><div class=\"bde-div-15-185 bde-div divtest\">\n  \n  \n\t\n\n\n\n<div class=\"bde-image-15-195 bde-image\">\n<figure class=\"breakdance-image breakdance-image--271\">\n\t<div class=\"breakdance-image-container\">\n\t\t<div class=\"breakdance-image-clip\"><img loading=\"lazy\" decoding=\"async\" class=\"breakdance-image-object\" src=\"https:\/\/ataufix.fr\/wp-content\/uploads\/2024\/04\/Fichier-6@5x.png\" width=\"307\" height=\"305\" srcset=\"https:\/\/ataufix.fr\/wp-content\/uploads\/2024\/04\/Fichier-6@5x.png 307w, https:\/\/ataufix.fr\/wp-content\/uploads\/2024\/04\/Fichier-6@5x-300x298.png 300w, https:\/\/ataufix.fr\/wp-content\/uploads\/2024\/04\/Fichier-6@5x-150x150.png 150w\" sizes=\"(max-width: 307px) 100vw, 307px\"><\/div>\n\t<\/div><\/figure>\n\n<\/div><h1 class=\"bde-heading-15-187 bde-heading\">\nGestion des visites\n<\/h1><div class=\"bde-text-15-188 bde-text\">\nOrganisation et r\u00e9alisation des visites par nos experts (selon l'offre choisie)\n<\/div>\n<\/div><div class=\"bde-div-15-189 bde-div divtest\">\n  \n  \n\t\n\n\n\n<div class=\"bde-image-15-196 bde-image\">\n<figure class=\"breakdance-image breakdance-image--270\">\n\t<div class=\"breakdance-image-container\">\n\t\t<div class=\"breakdance-image-clip\"><img loading=\"lazy\" decoding=\"async\" class=\"breakdance-image-object\" src=\"https:\/\/ataufix.fr\/wp-content\/uploads\/2024\/04\/Fichier-5@5x.png\" width=\"306\" height=\"305\" srcset=\"https:\/\/ataufix.fr\/wp-content\/uploads\/2024\/04\/Fichier-5@5x.png 306w, https:\/\/ataufix.fr\/wp-content\/uploads\/2024\/04\/Fichier-5@5x-300x300.png 300w, https:\/\/ataufix.fr\/wp-content\/uploads\/2024\/04\/Fichier-5@5x-150x150.png 150w\" sizes=\"(max-width: 306px) 100vw, 306px\"><\/div>\n\t<\/div><\/figure>\n\n<\/div><h1 class=\"bde-heading-15-191 bde-heading\">\nFinalisations de la vente\n<\/h1><div class=\"bde-text-15-192 bde-text\">\nN\u00e9gociation et finalisation des d\u00e9tails pour une vente r\u00e9ussie.\n<\/div>\n<\/div>\n<\/div><\/div>\n<\/section>","protected":false},"excerpt":{"rendered":"<p>Notre offre Frais fixes, expertise locale et accompagnement d\u00e9di\u00e9 pour assurer votre projet immobilier. L&rsquo;agence immobili\u00e8re qui change tout ! Nous r\u00e9inventons la vente immobili\u00e8re avec un processus transparent, fixe et sans surprise, visant \u00e0 simplifier chaque transaction pour une clart\u00e9 et honn\u00eatet\u00e9 absolues. Contact Une \u00e9quipe de passionn\u00e9s Nos experts locaux sont vos alli\u00e9s, [&hellip;]<\/p>\n","protected":false},"author":1,"featured_media":0,"parent":0,"menu_order":0,"comment_status":"closed","ping_status":"closed","template":"","meta":{"_acf_changed":false,"_breakdance_hide_in_design_set":false,"_breakdance_tags":"","footnotes":""},"acf":[],"_links":{"self":[{"href":"https:\/\/ataufix.fr\/index.php\/wp-json\/wp\/v2\/pages\/15"}],"collection":[{"href":"https:\/\/ataufix.fr\/index.php\/wp-json\/wp\/v2\/pages"}],"about":[{"href":"https:\/\/ataufix.fr\/index.php\/wp-json\/wp\/v2\/types\/page"}],"author":[{"embeddable":true,"href":"https:\/\/ataufix.fr\/index.php\/wp-json\/wp\/v2\/users\/1"}],"replies":[{"embeddable":true,"href":"https:\/\/ataufix.fr\/index.php\/wp-json\/wp\/v2\/comments?post=15"}],"version-history":[{"count":57,"href":"https:\/\/ataufix.fr\/index.php\/wp-json\/wp\/v2\/pages\/15\/revisions"}],"predecessor-version":[{"id":604,"href":"https:\/\/ataufix.fr\/index.php\/wp-json\/wp\/v2\/pages\/15\/revisions\/604"}],"wp:attachment":[{"href":"https:\/\/ataufix.fr\/index.php\/wp-json\/wp\/v2\/media?parent=15"}],"curies":[{"name":"wp","href":"https:\/\/api.w.org\/{rel}","templated":true}]}}